{"id":1136,"date":"2019-03-14T08:20:34","date_gmt":"2019-03-14T08:20:34","guid":{"rendered":"https:\/\/city.local\/?page_id=1136"},"modified":"2020-02-19T09:01:55","modified_gmt":"2020-02-19T09:01:55","slug":"kiralama-sartlari","status":"publish","type":"page","link":"https:\/\/city-carrentals.gr\/tr\/kiralama-sartlari\/","title":{"rendered":"Kiralama \u015eartlar\u0131"},"content":{"rendered":"<ol>\n<li><strong> S\u00dcR\u00dcC\u00dc YA\u015eI<\/strong>. Arac\u0131 kiralayan s\u00fcr\u00fcc\u00fcn\u00fcn asgari 23 ya\u015f\u0131nda olmas\u0131 gerekmektedir.<\/li>\n<li><strong> S\u00dcR\u00dcC\u00dc BELGES\u0130<\/strong>. Arac\u0131 kiralayan s\u00fcr\u00fcc\u00fcn\u00fcn, kiralama s\u00f6zle\u015fmesi tarihinden en az 1 y\u0131l \u00f6nce d\u00fczenlenmi\u015f, Yunanistan\u2019da ge\u00e7erli, yasal s\u00fcr\u00fcc\u00fc belgesi sahibi olmas\u0131 gerekmektedir.<\/li>\n<li><strong> \u00d6DEME \u015eEK\u0130LLER\u0130<\/strong>. \u00d6deme nakit olarak veya banka kart\u0131 veya kredi kart\u0131 ile ger\u00e7ekle\u015ftirilebilir.<\/li>\n<li><strong> ASGAR\u0130 K\u0130RALAMA<\/strong>. Bir g\u00fcn (24 saat). 24 saatlik kiralama s\u00fcresinin iki (2) saat a\u015f\u0131lmas\u0131 durumunda bir g\u00fcnl\u00fck ek \u00fccret al\u0131nacakt\u0131r.<\/li>\n<li><strong> PARA CEZALARI<\/strong>. Kiralama s\u00fcresince ortaya \u00e7\u0131kacak t\u00fcm para cezalar\u0131 arac\u0131 kiralayan ki\u015fi taraf\u0131ndan kar\u015f\u0131lanacakt\u0131r.<\/li>\n<li><strong> S\u0130GORTA<\/strong>. CityCarRentals\u2019dan ara\u00e7 kiralayanlar \u00f6l\u00fcm ve ki\u015fisel yaralanmalara kar\u015f\u0131 \u00fc\u00e7\u00fcnc\u00fc \u015fah\u0131slar mali sorumluluk sigortas\u0131 ile sigortal\u0131d\u0131r. T\u00fcm CityCarRentals arabalar\u0131, bir kaza durumunda 600 Euro muafiyetle karma sigorta ile sigortalanm\u0131\u015ft\u0131r. Arac\u0131 kiralayan ki\u015fi muafiyeti g\u00fcnde 10 Euro \u00f6deyerek 600 Euro\u2019dan 200 Euro.<\/li>\n<\/ol>\n<p><strong>6.1 Sigorta \u015firketleri a\u015fa\u011f\u0131daki durumlarda olu\u015facak zararlar\u0131 tazmin etmemektedir [Yukar\u0131da belirtilen, arac\u0131n kiralanmas\u0131nda azalt\u0131lm\u0131\u015f veya tam muafiyetin uyguland\u0131\u011f\u0131 durumlarda dahi]<\/strong><\/p>\n<p>&#8211; S\u00fcr\u00fcc\u00fcn\u00fcn alkol veya uyu\u015fturucu etkisinde olmas\u0131 durumunda,<\/p>\n<p>&#8211; Yol d\u0131\u015f\u0131ndaki s\u00fcr\u00fc\u015flerde,<\/p>\n<p>&#8211; Ara\u00e7, s\u00f6zle\u015fmede belirtilen kiralayan haricinde ba\u015fka bir s\u00fcr\u00fcc\u00fc taraf\u0131ndan kullan\u0131l\u0131yorsa,<\/p>\n<p>&#8211; Hasar, trafik kurallar\u0131n\u0131n ihlalinden kaynaklan\u0131yorsa [\u00f6rne\u011fin k\u0131rm\u0131z\u0131 \u0131\u015f\u0131kta ge\u00e7me, DUR i\u015faretine uymama, hatal\u0131 sollama, hatal\u0131 park vb.]<\/p>\n<p>&#8211; Ara\u00e7 i\u00e7i hasar olu\u015fmas\u0131, anahtar\u0131n kaybolmas\u0131 veya hasar g\u00f6rmesi ve ara\u00e7tan ki\u015fisel e\u015fyalar\u0131n \u00e7al\u0131nmas\u0131 durumunda<\/p>\n<ol start=\"7\">\n<li><strong> ALI\u015e \u2013 \u0130ADE<\/strong>. Midilli liman\u0131nda ve havaalan\u0131nda, kiral\u0131k ara\u00e7lar\u0131n teslim al\u0131nmas\u0131 ve iadesi g\u00fcn\u00fcn her saatinde \u00fccretsizdir. Midilli merkezinden 30 km uzakl\u0131\u011fa kadar olan otelinizde ara\u00e7 teslimi ve iadesi \u00fccretsiz olarak ger\u00e7ekle\u015ftirilebilir. Farkl\u0131 herhangi bir durumda bizlere ula\u015f\u0131n.<\/li>\n<li><strong> \u0130K\u0130NC\u0130 S\u00dcR\u00dcC\u00dc<\/strong>. \u0130kinci bir s\u00fcr\u00fcc\u00fc, kiralama s\u00f6zle\u015fmesine \u00fccretsiz olarak dahil edilebilir.<\/li>\n<li><strong> AKARYAKIT<\/strong>. Kira s\u00f6zle\u015fmesinin sona ermesinin ard\u0131ndan, s\u00fcr\u00fcc\u00fcn\u00fcn arac\u0131, kiralama ba\u015flang\u0131c\u0131nda mevcut olan yak\u0131t miktar\u0131yla iade etmesi gerekmektedir. Arac\u0131, s\u00f6zle\u015fmenin ba\u015flang\u0131c\u0131ndan daha az yak\u0131tla iade etmesi durumunda, s\u00fcr\u00fcc\u00fc, eksik yak\u0131t miktar\u0131n\u0131 \u00f6demekle y\u00fck\u00fcml\u00fcd\u00fcr.<\/li>\n<li><strong> \u00c7OCUK KOLTU\u011eU<\/strong>. Kiralayan\u0131n talebi do\u011frultusunda bir (1) adet \u00e7ocuk koltu\u011fu \u00fccretsiz olarak sa\u011flanmaktad\u0131r.<\/li>\n<li><strong> GEM\u0130 \u0130LE ULA\u015eIM<\/strong>. Sadece CityCarRental&#8217;\u0131n yaz\u0131l\u0131 onay\u0131 ile.<\/li>\n<li><strong> ARA\u00c7 T\u0130PLER\u0130<\/strong>. Rezervasyonlar belirli bir ara\u00e7 tipine de\u011fil, belirli bir rezervasyon kategorisine ait olan herhangi bir ara\u00e7 tipine aittir.<\/li>\n<li><strong> VERG\u0130LER<\/strong>. Kiralama fiyatlar\u0131na yasal vergiler dahildir.<\/li>\n<\/ol>\n","protected":false},"excerpt":{"rendered":"<p>S\u00dcR\u00dcC\u00dc YA\u015eI. Arac\u0131 kiralayan s\u00fcr\u00fcc\u00fcn\u00fcn asgari 23 ya\u015f\u0131nda olmas\u0131 gerekmektedir. S\u00dcR\u00dcC\u00dc BELGES\u0130. Arac\u0131 kiralayan s\u00fcr\u00fcc\u00fcn\u00fcn, kiralama s\u00f6zle\u015fmesi tarihinden en az 1 y\u0131l \u00f6nce d\u00fczenlenmi\u015f, Yunanistan\u2019da ge\u00e7erli, yasal s\u00fcr\u00fcc\u00fc belgesi sahibi olmas\u0131 gerekmektedir. \u00d6DEME \u015eEK\u0130LLER\u0130. \u00d6deme nakit olarak veya banka kart\u0131 veya kredi kart\u0131 ile ger\u00e7ekle\u015ftirilebilir. ASGAR\u0130 K\u0130RALAMA. Bir g\u00fcn (24 saat). 24 saatlik kiralama s\u00fcresinin [&hellip;]<\/p>\n","protected":false},"author":5,"featured_media":0,"parent":0,"menu_order":0,"comment_status":"closed","ping_status":"closed","template":"","meta":[],"yoast_head":"<!-- This site is optimized with the Yoast SEO plugin v19.6.1 - https:\/\/yoast.com\/wordpress\/plugins\/seo\/ -->\n<title>Kiralama \u015eartlar\u0131 - City Car Rentals<\/title>\n<meta name=\"robots\" content=\"index, follow, max-snippet:-1, max-image-preview:large, max-video-preview:-1\" \/>\n<link rel=\"canonical\" href=\"https:\/\/city-carrentals.gr\/tr\/kiralama-sartlari\/\" \/>\n<meta property=\"og:locale\" content=\"tr_TR\" \/>\n<meta property=\"og:type\" content=\"article\" \/>\n<meta property=\"og:title\" content=\"Kiralama \u015eartlar\u0131 - City Car Rentals\" \/>\n<meta property=\"og:description\" content=\"S\u00dcR\u00dcC\u00dc YA\u015eI. Arac\u0131 kiralayan s\u00fcr\u00fcc\u00fcn\u00fcn asgari 23 ya\u015f\u0131nda olmas\u0131 gerekmektedir. S\u00dcR\u00dcC\u00dc BELGES\u0130. Arac\u0131 kiralayan s\u00fcr\u00fcc\u00fcn\u00fcn, kiralama s\u00f6zle\u015fmesi tarihinden en az 1 y\u0131l \u00f6nce d\u00fczenlenmi\u015f, Yunanistan\u2019da ge\u00e7erli, yasal s\u00fcr\u00fcc\u00fc belgesi sahibi olmas\u0131 gerekmektedir. \u00d6DEME \u015eEK\u0130LLER\u0130. \u00d6deme nakit olarak veya banka kart\u0131 veya kredi kart\u0131 ile ger\u00e7ekle\u015ftirilebilir. ASGAR\u0130 K\u0130RALAMA. Bir g\u00fcn (24 saat). 24 saatlik kiralama s\u00fcresinin [&hellip;]\" \/>\n<meta property=\"og:url\" content=\"https:\/\/city-carrentals.gr\/tr\/kiralama-sartlari\/\" \/>\n<meta property=\"og:site_name\" content=\"City Car Rentals\" \/>\n<meta property=\"article:modified_time\" content=\"2020-02-19T09:01:55+00:00\" \/>\n<meta name=\"twitter:card\" content=\"summary_large_image\" \/>\n<meta name=\"twitter:label1\" content=\"Tahmini okuma s\u00fcresi\" \/>\n\t<meta name=\"twitter:data1\" content=\"2 dakika\" \/>\n<script type=\"application\/ld+json\" class=\"yoast-schema-graph\">{\"@context\":\"https:\/\/schema.org\",\"@graph\":[{\"@type\":\"WebPage\",\"@id\":\"https:\/\/city-carrentals.gr\/tr\/kiralama-sartlari\/\",\"url\":\"https:\/\/city-carrentals.gr\/tr\/kiralama-sartlari\/\",\"name\":\"Kiralama \u015eartlar\u0131 - City Car Rentals\",\"isPartOf\":{\"@id\":\"https:\/\/city-carrentals.gr\/#website\"},\"datePublished\":\"2019-03-14T08:20:34+00:00\",\"dateModified\":\"2020-02-19T09:01:55+00:00\",\"breadcrumb\":{\"@id\":\"https:\/\/city-carrentals.gr\/tr\/kiralama-sartlari\/#breadcrumb\"},\"inLanguage\":\"tr\",\"potentialAction\":[{\"@type\":\"ReadAction\",\"target\":[\"https:\/\/city-carrentals.gr\/tr\/kiralama-sartlari\/\"]}]},{\"@type\":\"BreadcrumbList\",\"@id\":\"https:\/\/city-carrentals.gr\/tr\/kiralama-sartlari\/#breadcrumb\",\"itemListElement\":[{\"@type\":\"ListItem\",\"position\":1,\"name\":\"Home\",\"item\":\"https:\/\/city-carrentals.gr\/tr\/\"},{\"@type\":\"ListItem\",\"position\":2,\"name\":\"Kiralama \u015eartlar\u0131\"}]},{\"@type\":\"WebSite\",\"@id\":\"https:\/\/city-carrentals.gr\/#website\",\"url\":\"https:\/\/city-carrentals.gr\/\",\"name\":\"City Car Rentals\",\"description\":\"Lesvos City carrentals\",\"potentialAction\":[{\"@type\":\"SearchAction\",\"target\":{\"@type\":\"EntryPoint\",\"urlTemplate\":\"https:\/\/city-carrentals.gr\/?s={search_term_string}\"},\"query-input\":\"required name=search_term_string\"}],\"inLanguage\":\"tr\"}]}<\/script>\n<!-- \/ Yoast SEO plugin. -->","yoast_head_json":{"title":"Kiralama \u015eartlar\u0131 - City Car Rentals","robots":{"index":"index","follow":"follow","max-snippet":"max-snippet:-1","max-image-preview":"max-image-preview:large","max-video-preview":"max-video-preview:-1"},"canonical":"https:\/\/city-carrentals.gr\/tr\/kiralama-sartlari\/","og_locale":"tr_TR","og_type":"article","og_title":"Kiralama \u015eartlar\u0131 - City Car Rentals","og_description":"S\u00dcR\u00dcC\u00dc YA\u015eI. Arac\u0131 kiralayan s\u00fcr\u00fcc\u00fcn\u00fcn asgari 23 ya\u015f\u0131nda olmas\u0131 gerekmektedir. S\u00dcR\u00dcC\u00dc BELGES\u0130. Arac\u0131 kiralayan s\u00fcr\u00fcc\u00fcn\u00fcn, kiralama s\u00f6zle\u015fmesi tarihinden en az 1 y\u0131l \u00f6nce d\u00fczenlenmi\u015f, Yunanistan\u2019da ge\u00e7erli, yasal s\u00fcr\u00fcc\u00fc belgesi sahibi olmas\u0131 gerekmektedir. \u00d6DEME \u015eEK\u0130LLER\u0130. \u00d6deme nakit olarak veya banka kart\u0131 veya kredi kart\u0131 ile ger\u00e7ekle\u015ftirilebilir. ASGAR\u0130 K\u0130RALAMA. Bir g\u00fcn (24 saat). 24 saatlik kiralama s\u00fcresinin [&hellip;]","og_url":"https:\/\/city-carrentals.gr\/tr\/kiralama-sartlari\/","og_site_name":"City Car Rentals","article_modified_time":"2020-02-19T09:01:55+00:00","twitter_card":"summary_large_image","twitter_misc":{"Tahmini okuma s\u00fcresi":"2 dakika"},"schema":{"@context":"https:\/\/schema.org","@graph":[{"@type":"WebPage","@id":"https:\/\/city-carrentals.gr\/tr\/kiralama-sartlari\/","url":"https:\/\/city-carrentals.gr\/tr\/kiralama-sartlari\/","name":"Kiralama \u015eartlar\u0131 - City Car Rentals","isPartOf":{"@id":"https:\/\/city-carrentals.gr\/#website"},"datePublished":"2019-03-14T08:20:34+00:00","dateModified":"2020-02-19T09:01:55+00:00","breadcrumb":{"@id":"https:\/\/city-carrentals.gr\/tr\/kiralama-sartlari\/#breadcrumb"},"inLanguage":"tr","potentialAction":[{"@type":"ReadAction","target":["https:\/\/city-carrentals.gr\/tr\/kiralama-sartlari\/"]}]},{"@type":"BreadcrumbList","@id":"https:\/\/city-carrentals.gr\/tr\/kiralama-sartlari\/#breadcrumb","itemListElement":[{"@type":"ListItem","position":1,"name":"Home","item":"https:\/\/city-carrentals.gr\/tr\/"},{"@type":"ListItem","position":2,"name":"Kiralama \u015eartlar\u0131"}]},{"@type":"WebSite","@id":"https:\/\/city-carrentals.gr\/#website","url":"https:\/\/city-carrentals.gr\/","name":"City Car Rentals","description":"Lesvos City carrentals","potentialAction":[{"@type":"SearchAction","target":{"@type":"EntryPoint","urlTemplate":"https:\/\/city-carrentals.gr\/?s={search_term_string}"},"query-input":"required name=search_term_string"}],"inLanguage":"tr"}]}},"_links":{"self":[{"href":"https:\/\/city-carrentals.gr\/tr\/wp-json\/wp\/v2\/pages\/1136"}],"collection":[{"href":"https:\/\/city-carrentals.gr\/tr\/wp-json\/wp\/v2\/pages"}],"about":[{"href":"https:\/\/city-carrentals.gr\/tr\/wp-json\/wp\/v2\/types\/page"}],"author":[{"embeddable":true,"href":"https:\/\/city-carrentals.gr\/tr\/wp-json\/wp\/v2\/users\/5"}],"replies":[{"embeddable":true,"href":"https:\/\/city-carrentals.gr\/tr\/wp-json\/wp\/v2\/comments?post=1136"}],"version-history":[{"count":0,"href":"https:\/\/city-carrentals.gr\/tr\/wp-json\/wp\/v2\/pages\/1136\/revisions"}],"wp:attachment":[{"href":"https:\/\/city-carrentals.gr\/tr\/wp-json\/wp\/v2\/media?parent=1136"}],"curies":[{"name":"wp","href":"https:\/\/api.w.org\/{rel}","templated":true}]}}