{"id":1127,"date":"2015-05-13T06:12:41","date_gmt":"2015-05-13T06:12:41","guid":{"rendered":"https:\/\/city.local\/contact\/"},"modified":"2021-05-03T12:10:59","modified_gmt":"2021-05-03T12:10:59","slug":"iletisim-old","status":"publish","type":"page","link":"https:\/\/city-carrentals.gr\/tr\/iletisim-old\/","title":{"rendered":"\u0130leti\u015fim"},"content":{"rendered":"<section  id=\"section-69f293a068ffb\" class=\"fw-main-row   auto \"  style=\"  \"  >\n    <div >\n        <div class=\"fw-container sections\">\n            <div class=\"fw-row\">\n\t\n\n<div id=\"column-69f293a069261\" class=\" fw-col-sm-8       wow fadeInUp animated\" data-wow-offset=\"120\" data-wow-duration=\"1.5s\" style=\"  \">\n        <div class=\"fw-main-row\">\n        <div class=\"fw-col-inner\" >\n            \n<div class=\"fw-heading fw-heading-h1    wow fadeIn animated\" data-wow-offset=\"120\" data-wow-duration=\"1.5s\" style=\" color:\">\n\t    <div class=\"fw-special-title-half\"><h1 class='fw-special-title'>Bizimle ileti\u015fime ge\u00e7in<\/h1><\/div>\n\n\t\n\t\n\n<\/div><div class=\"contact fw-contact-form\">\n    <div class=\"fw-row wrap-forms wrap-contact-forms wow rollIn animated contact-form\" data-wow-offset=\"10\" data-wow-duration=\"1.55s\">\n        <form data-fw-form-id=\"fw_form\" method=\"post\" action=\"https:\/\/city-carrentals.gr\/tr\/wp-json\/wp\/v2\/pages\/1127\" class=\"fw_form_fw_form\" data-fw-ext-forms-type=\"contact-forms\"  ><input type=\"hidden\" name=\"fwf\" value=\"fw_form\" \/><input type=\"hidden\" id=\"_nonce_9b0601c815a85ed373542022aaac8620\" name=\"_nonce_9b0601c815a85ed373542022aaac8620\" value=\"6f8571f29d\" \/><input type=\"hidden\" name=\"_wp_http_referer\" value=\"\/tr\/wp-json\/wp\/v2\/pages\/1127\" \/><input type=\"hidden\" name=\"fw_ext_forms_form_type\" value=\"contact-forms\" \/><input type=\"hidden\" name=\"fw_ext_forms_form_id\" value=\"contact-form-5552e99d57496\" \/>\n<div class=\"fw-row\"><div class=\"fw-contact-heading wow fadeIn animated\" data-wow-offset=\"120\" data-wow-duration=\"1.5s\">\n    <p class=\"contact-info\">Herhangi bir sorunuz mu var veya ek bilgiye mi ihtiyac\u0131n\u0131z var? <br>\n\t\t    <div class=\"separator text-center\"><\/div>\n<\/div><\/div><div class=\"fw-row\"><div class=\"fw-col-xs-12 fw-col-sm-6 form-builder-item\">\n    <div class=\"field-text\">\n                    <label for=\"id-1\">Ad\u0131                <sup>*<\/sup>            <\/label>\n                <input class=\"form-control\" type=\"text\" name=\"text_29da52c\" placeholder=\"\" value=\"\" id=\"id-1\" required=\"required\" >\n            <\/div>\n<\/div><div class=\"fw-col-xs-12 fw-col-sm-6 form-builder-item\">\n    <div class=\"field-text\">\n                    <label for=\"id-2\">Soyad\u0131                <sup>*<\/sup>            <\/label>\n                <input class=\"form-control\" type=\"text\" name=\"text_e89f2de\" placeholder=\"\" value=\"\" id=\"id-2\" required=\"required\" >\n            <\/div>\n<\/div><\/div><div class=\"fw-row\"><div class=\"fw-col-xs-12 fw-col-sm-6 form-builder-item\">\n\t<div class=\"field-text\">\n                    <label for=\"id-3\">Telefon                <sup>*<\/sup>            <\/label>\n        \t\t<input class=\"form-control\" type=\"text\" name=\"number_bf66f2d\" placeholder=\"\" value=\"\" id=\"id-3\" required=\"required\" >\n\t\t\t<\/div>\n<\/div><div class=\"fw-col-xs-12 fw-col-sm-6 form-builder-item\">\n\t<div class=\"field-text\">\n                    <label for=\"id-4\">E-posta                <sup>*<\/sup>            <\/label>\n        \t\t<input class=\"form-control\" type=\"text\" name=\"email_6285ec9\" placeholder=\"\" value=\"\" id=\"id-4\" required=\"required\" >\n\t\t\t<\/div>\n<\/div><\/div><div class=\"fw-row\"><div class=\"fw-col-xs-12 form-builder-item\">\n\t<div class=\"field-textarea\">\n                    <label for=\"id-5\">Mesaj                <sup>*<\/sup>            <\/label>\n        \t\t<textarea class=\"form-control\" name=\"textarea_b8dadc3\" placeholder=\"\" id=\"id-5\" required=\"required\" ><\/textarea>\n\t\t\t<\/div>\n<\/div><\/div><div class=\"fw-row\"><div class=\"fw-col-xs-12 fw-col-sm-6 form-builder-item\">\n\t<div class=\"field-recaptcha\">\n\t\t<label><\/label>\n\t\t<input type=\"hidden\" name=\"recaptcha_3e03596\">\n\t\t<div class=\"form-builder-item-recaptcha\" ><\/div>\n\t<\/div>\n<\/div><\/div><div class=\"fw-col-sm-12 field-submit text-center\">\n\t<input type=\"submit\" class=\"default btn submit-message\"  value=\"G\u00f6nder\">\n\t\n\n<\/div><\/form>    <\/div>\n<\/div>        <\/div>\n    <\/div>\n\n\n<\/div>\n\n<div id=\"column-69f293a069edb\" class=\" fw-col-sm-4       wow fadeInUp animated\" data-wow-offset=\"120\" data-wow-duration=\"1.5s\" style=\"  \">\n        <div class=\"fw-main-row\">\n        <div class=\"fw-col-inner\" >\n            <h1><span style=\"font-weight: 900;\">City car rentals<\/span><\/h1><h3>Midilli ofisi<\/h3><p><i class=\"fa fa-map-marker\"><\/i> : James Aristarxou 1<br \/>(g\u00fcmr\u00fck kar\u015f\u0131s\u0131nda)<br \/><i class=\"fa fa-phone\"><\/i> : <a href=\"tel:+302251020595\">+30-22510-20595<\/a><br \/><i class=\"fa fa-phone\"><\/i> : <a href=\"tel:+306976007339\">+30-6976007339<\/a><br \/><i class=\"fa fa-at\"><\/i> : <a href=\"mailto:info@city-carrentals.gr\">info@city-carrentals.gr <\/a><\/p><hr \/><h3><span style=\"font-weight: 900;\">Yol tarifi al<\/span><\/h3><p><a href=\"https:\/\/www.google.com\/maps\/dir\/39.0955377,26.5548974\/%CE%91%CF%81%CE%AF%CF%83%CF%84%CE%B1%CF%81%CF%87%CE%BF%CF%85+1,+%CE%9C%CF%85%CF%84%CE%B9%CE%BB%CE%AE%CE%BD%CE%B7+811+00\/@39.0955324,26.5197922,13z\/data=!3m1!4b1!4m18!1m7!3m6!1s0x14ba6709db4fb24d:0x51fd123b715815dd!2zzpHPgc6vz4PPhM6xz4HPh86_z4UgMSwgzpzPhc-EzrnOu86uzr3OtyA4MTEgMDA!3b1!8m2!3d39.1049745!4d26.5601938!4m9!1m1!4e1!1m5!1m1!1s0x14ba6709db4fb24d:0x51fd123b715815dd!2m2!1d26.5601938!2d39.1049745!3e3\" target=\"_blank\" rel=\"noopener\"><img class=\"alignleft wp-image-903 size-full\" src=\"https:\/\/city-carrentals.gr\/wp-content\/uploads\/2019\/02\/map-1.jpg\" alt=\"\" width=\"500\" height=\"453\" \/><\/a><\/p>        <\/div>\n    <\/div>\n\n\n<\/div><\/div>\n\n        <\/div>\n    <\/div>\n<\/section>\n\n","protected":false},"excerpt":{"rendered":"<p>Bizimle ileti\u015fime ge\u00e7in Herhangi bir sorunuz mu var veya ek bilgiye mi ihtiyac\u0131n\u0131z var? Ad\u0131 * Soyad\u0131 * Telefon * E-posta * Mesaj * City car rentalsMidilli ofisi : James Aristarxou 1(g\u00fcmr\u00fck kar\u015f\u0131s\u0131nda) : +30-22510-20595 : +30-6976007339 : info@city-carrentals.gr Yol tarifi al<\/p>\n","protected":false},"author":5,"featured_media":0,"parent":0,"menu_order":0,"comment_status":"closed","ping_status":"closed","template":"template-full-width.php","meta":[],"yoast_head":"<!-- This site is optimized with the Yoast SEO plugin v19.6.1 - https:\/\/yoast.com\/wordpress\/plugins\/seo\/ -->\n<title>\u0130leti\u015fim - City Car Rentals<\/title>\n<meta name=\"robots\" content=\"index, follow, max-snippet:-1, max-image-preview:large, max-video-preview:-1\" \/>\n<link rel=\"canonical\" href=\"https:\/\/city-carrentals.gr\/tr\/iletisim-old\/\" \/>\n<meta property=\"og:locale\" content=\"tr_TR\" \/>\n<meta property=\"og:type\" content=\"article\" \/>\n<meta property=\"og:title\" content=\"\u0130leti\u015fim - City Car Rentals\" \/>\n<meta property=\"og:description\" content=\"Bizimle ileti\u015fime ge\u00e7in Herhangi bir sorunuz mu var veya ek bilgiye mi ihtiyac\u0131n\u0131z var? Ad\u0131 * Soyad\u0131 * Telefon * E-posta * Mesaj * City car rentalsMidilli ofisi : James Aristarxou 1(g\u00fcmr\u00fck kar\u015f\u0131s\u0131nda) : +30-22510-20595 : +30-6976007339 : info@city-carrentals.gr Yol tarifi al\" \/>\n<meta property=\"og:url\" content=\"https:\/\/city-carrentals.gr\/tr\/iletisim-old\/\" \/>\n<meta property=\"og:site_name\" content=\"City Car Rentals\" \/>\n<meta property=\"article:modified_time\" content=\"2021-05-03T12:10:59+00:00\" \/>\n<meta property=\"og:image\" content=\"https:\/\/city-carrentals.gr\/wp-content\/uploads\/2019\/02\/map-1.jpg\" \/>\n<meta name=\"twitter:card\" content=\"summary_large_image\" \/>\n<script type=\"application\/ld+json\" class=\"yoast-schema-graph\">{\"@context\":\"https:\/\/schema.org\",\"@graph\":[{\"@type\":\"WebPage\",\"@id\":\"https:\/\/city-carrentals.gr\/tr\/iletisim-old\/\",\"url\":\"https:\/\/city-carrentals.gr\/tr\/iletisim-old\/\",\"name\":\"\u0130leti\u015fim - City Car Rentals\",\"isPartOf\":{\"@id\":\"https:\/\/city-carrentals.gr\/#website\"},\"datePublished\":\"2015-05-13T06:12:41+00:00\",\"dateModified\":\"2021-05-03T12:10:59+00:00\",\"breadcrumb\":{\"@id\":\"https:\/\/city-carrentals.gr\/tr\/iletisim-old\/#breadcrumb\"},\"inLanguage\":\"tr\",\"potentialAction\":[{\"@type\":\"ReadAction\",\"target\":[\"https:\/\/city-carrentals.gr\/tr\/iletisim-old\/\"]}]},{\"@type\":\"BreadcrumbList\",\"@id\":\"https:\/\/city-carrentals.gr\/tr\/iletisim-old\/#breadcrumb\",\"itemListElement\":[{\"@type\":\"ListItem\",\"position\":1,\"name\":\"Home\",\"item\":\"https:\/\/city-carrentals.gr\/tr\/\"},{\"@type\":\"ListItem\",\"position\":2,\"name\":\"\u0130leti\u015fim\"}]},{\"@type\":\"WebSite\",\"@id\":\"https:\/\/city-carrentals.gr\/#website\",\"url\":\"https:\/\/city-carrentals.gr\/\",\"name\":\"City Car Rentals\",\"description\":\"Lesvos City carrentals\",\"potentialAction\":[{\"@type\":\"SearchAction\",\"target\":{\"@type\":\"EntryPoint\",\"urlTemplate\":\"https:\/\/city-carrentals.gr\/?s={search_term_string}\"},\"query-input\":\"required name=search_term_string\"}],\"inLanguage\":\"tr\"}]}<\/script>\n<!-- \/ Yoast SEO plugin. -->","yoast_head_json":{"title":"\u0130leti\u015fim - City Car Rentals","robots":{"index":"index","follow":"follow","max-snippet":"max-snippet:-1","max-image-preview":"max-image-preview:large","max-video-preview":"max-video-preview:-1"},"canonical":"https:\/\/city-carrentals.gr\/tr\/iletisim-old\/","og_locale":"tr_TR","og_type":"article","og_title":"\u0130leti\u015fim - City Car Rentals","og_description":"Bizimle ileti\u015fime ge\u00e7in Herhangi bir sorunuz mu var veya ek bilgiye mi ihtiyac\u0131n\u0131z var? Ad\u0131 * Soyad\u0131 * Telefon * E-posta * Mesaj * City car rentalsMidilli ofisi : James Aristarxou 1(g\u00fcmr\u00fck kar\u015f\u0131s\u0131nda) : +30-22510-20595 : +30-6976007339 : info@city-carrentals.gr Yol tarifi al","og_url":"https:\/\/city-carrentals.gr\/tr\/iletisim-old\/","og_site_name":"City Car Rentals","article_modified_time":"2021-05-03T12:10:59+00:00","og_image":[{"url":"https:\/\/city-carrentals.gr\/wp-content\/uploads\/2019\/02\/map-1.jpg"}],"twitter_card":"summary_large_image","schema":{"@context":"https:\/\/schema.org","@graph":[{"@type":"WebPage","@id":"https:\/\/city-carrentals.gr\/tr\/iletisim-old\/","url":"https:\/\/city-carrentals.gr\/tr\/iletisim-old\/","name":"\u0130leti\u015fim - City Car Rentals","isPartOf":{"@id":"https:\/\/city-carrentals.gr\/#website"},"datePublished":"2015-05-13T06:12:41+00:00","dateModified":"2021-05-03T12:10:59+00:00","breadcrumb":{"@id":"https:\/\/city-carrentals.gr\/tr\/iletisim-old\/#breadcrumb"},"inLanguage":"tr","potentialAction":[{"@type":"ReadAction","target":["https:\/\/city-carrentals.gr\/tr\/iletisim-old\/"]}]},{"@type":"BreadcrumbList","@id":"https:\/\/city-carrentals.gr\/tr\/iletisim-old\/#breadcrumb","itemListElement":[{"@type":"ListItem","position":1,"name":"Home","item":"https:\/\/city-carrentals.gr\/tr\/"},{"@type":"ListItem","position":2,"name":"\u0130leti\u015fim"}]},{"@type":"WebSite","@id":"https:\/\/city-carrentals.gr\/#website","url":"https:\/\/city-carrentals.gr\/","name":"City Car Rentals","description":"Lesvos City carrentals","potentialAction":[{"@type":"SearchAction","target":{"@type":"EntryPoint","urlTemplate":"https:\/\/city-carrentals.gr\/?s={search_term_string}"},"query-input":"required name=search_term_string"}],"inLanguage":"tr"}]}},"_links":{"self":[{"href":"https:\/\/city-carrentals.gr\/tr\/wp-json\/wp\/v2\/pages\/1127"}],"collection":[{"href":"https:\/\/city-carrentals.gr\/tr\/wp-json\/wp\/v2\/pages"}],"about":[{"href":"https:\/\/city-carrentals.gr\/tr\/wp-json\/wp\/v2\/types\/page"}],"author":[{"embeddable":true,"href":"https:\/\/city-carrentals.gr\/tr\/wp-json\/wp\/v2\/users\/5"}],"replies":[{"embeddable":true,"href":"https:\/\/city-carrentals.gr\/tr\/wp-json\/wp\/v2\/comments?post=1127"}],"version-history":[{"count":0,"href":"https:\/\/city-carrentals.gr\/tr\/wp-json\/wp\/v2\/pages\/1127\/revisions"}],"wp:attachment":[{"href":"https:\/\/city-carrentals.gr\/tr\/wp-json\/wp\/v2\/media?parent=1127"}],"curies":[{"name":"wp","href":"https:\/\/api.w.org\/{rel}","templated":true}]}}