{"id":10673,"date":"2021-05-03T12:05:38","date_gmt":"2021-05-03T12:05:38","guid":{"rendered":"https:\/\/city.local\/?page_id=10673"},"modified":"2021-05-03T12:11:09","modified_gmt":"2021-05-03T12:11:09","slug":"iletisim","status":"publish","type":"page","link":"https:\/\/city-carrentals.gr\/tr\/iletisim\/","title":{"rendered":"\u0130leti\u015fim"},"content":{"rendered":"\t\t<div data-elementor-type=\"wp-page\" data-elementor-id=\"10673\" class=\"elementor elementor-10673 elementor-10640\">\n\t\t\t\t\t\t\t\t\t<section class=\"elementor-section elementor-top-section elementor-element elementor-element-4f57845 elementor-section-full_width elementor-section-height-default elementor-section-height-default\" data-id=\"4f57845\" data-element_type=\"section\">\n\t\t\t\t\t\t<div class=\"elementor-container elementor-column-gap-default\">\n\t\t\t\t\t<div class=\"elementor-column elementor-col-50 elementor-top-column elementor-element elementor-element-1e56a3b\" data-id=\"1e56a3b\" data-element_type=\"column\">\n\t\t\t<div class=\"elementor-widget-wrap elementor-element-populated\">\n\t\t\t\t\t\t\t\t<div class=\"elementor-element elementor-element-ea1c7d0 elementor-widget elementor-widget-heading\" data-id=\"ea1c7d0\" data-element_type=\"widget\" data-widget_type=\"heading.default\">\n\t\t\t\t<div class=\"elementor-widget-container\">\n\t\t\t<h2 class=\"elementor-heading-title elementor-size-default\">Bizimle ileti\u015fime ge\u00e7in<\/h2>\t\t<\/div>\n\t\t\t\t<\/div>\n\t\t\t\t<div class=\"elementor-element elementor-element-0f9d541 elementor-widget elementor-widget-heading\" data-id=\"0f9d541\" data-element_type=\"widget\" data-widget_type=\"heading.default\">\n\t\t\t\t<div class=\"elementor-widget-container\">\n\t\t\t<h2 class=\"elementor-heading-title elementor-size-medium\">Herhangi bir sorunuz mu var veya ek bilgiye mi ihtiyac\u0131n\u0131z var?<\/h2>\t\t<\/div>\n\t\t\t\t<\/div>\n\t\t\t\t\t<\/div>\n\t\t<\/div>\n\t\t\t\t<div class=\"elementor-column elementor-col-50 elementor-top-column elementor-element elementor-element-a3e4a4f\" data-id=\"a3e4a4f\" data-element_type=\"column\">\n\t\t\t<div class=\"elementor-widget-wrap elementor-element-populated\">\n\t\t\t\t\t\t\t\t<div class=\"elementor-element elementor-element-20e0dc8 elementor-widget elementor-widget-heading\" data-id=\"20e0dc8\" data-element_type=\"widget\" data-widget_type=\"heading.default\">\n\t\t\t\t<div class=\"elementor-widget-container\">\n\t\t\t<h2 class=\"elementor-heading-title elementor-size-default\">Map<\/h2>\t\t<\/div>\n\t\t\t\t<\/div>\n\t\t\t\t<div class=\"elementor-element elementor-element-7cf57b9 elementor-widget elementor-widget-heading\" data-id=\"7cf57b9\" data-element_type=\"widget\" data-widget_type=\"heading.default\">\n\t\t\t\t<div class=\"elementor-widget-container\">\n\t\t\t<h2 class=\"elementor-heading-title elementor-size-medium\">Yol tarifi al<\/h2>\t\t<\/div>\n\t\t\t\t<\/div>\n\t\t\t\t\t<\/div>\n\t\t<\/div>\n\t\t\t\t\t\t\t<\/div>\n\t\t<\/section>\n\t\t\t\t<section class=\"elementor-section elementor-top-section elementor-element elementor-element-bdcb848 elementor-section-full_width elementor-section-height-default elementor-section-height-default\" data-id=\"bdcb848\" data-element_type=\"section\">\n\t\t\t\t\t\t<div class=\"elementor-container elementor-column-gap-default\">\n\t\t\t\t\t<div class=\"elementor-column elementor-col-50 elementor-top-column elementor-element elementor-element-a55450a\" data-id=\"a55450a\" data-element_type=\"column\">\n\t\t\t<div class=\"elementor-widget-wrap elementor-element-populated\">\n\t\t\t\t\t\t\t\t<div class=\"elementor-element elementor-element-c5c306f elementor-widget elementor-widget-text-editor\" data-id=\"c5c306f\" data-element_type=\"widget\" data-widget_type=\"text-editor.default\">\n\t\t\t\t<div class=\"elementor-widget-container\">\n\t\t\t\t\t\t\t<div class=\"wpforms-container wpforms-container-full\" id=\"wpforms-10639\"><form id=\"wpforms-form-10639\" class=\"wpforms-validate wpforms-form\" data-formid=\"10639\" method=\"post\" enctype=\"multipart\/form-data\" action=\"\/tr\/wp-json\/wp\/v2\/pages\/10673\" data-token=\"4c2cd600db82b1370233a4078a567a44\"><noscript class=\"wpforms-error-noscript\">Bu formu bitirebilmek i\u00e7in taray\u0131c\u0131n\u0131zda JavaScript&#039;i etkinle\u015ftirin.<\/noscript><div class=\"wpforms-field-container\"><div id=\"wpforms-10639-field_0-container\" class=\"wpforms-field wpforms-field-name\" data-field-id=\"0\"><label class=\"wpforms-field-label\" for=\"wpforms-10639-field_0\">Name <span class=\"wpforms-required-label\">*<\/span><\/label><div class=\"wpforms-field-row wpforms-field-medium\"><div class=\"wpforms-field-row-block wpforms-first wpforms-one-half\"><input type=\"text\" id=\"wpforms-10639-field_0\" class=\"wpforms-field-name-first wpforms-field-required\" name=\"wpforms[fields][0][first]\" required><label for=\"wpforms-10639-field_0\" class=\"wpforms-field-sublabel after \">Ad<\/label><\/div><div class=\"wpforms-field-row-block wpforms-one-half\"><input type=\"text\" id=\"wpforms-10639-field_0-last\" class=\"wpforms-field-name-last wpforms-field-required\" name=\"wpforms[fields][0][last]\" required><label for=\"wpforms-10639-field_0-last\" class=\"wpforms-field-sublabel after \">Soyad<\/label><\/div><\/div><\/div><div id=\"wpforms-10639-field_3-container\" class=\"wpforms-field wpforms-field-phone\" data-field-id=\"3\"><label class=\"wpforms-field-label\" for=\"wpforms-10639-field_3\">Phone<\/label><input type=\"tel\" id=\"wpforms-10639-field_3\" class=\"wpforms-field-medium\" data-rule-int-phone-field=\"true\" name=\"wpforms[fields][3]\" ><\/div><div id=\"wpforms-10639-field_1-container\" class=\"wpforms-field wpforms-field-email\" data-field-id=\"1\"><label class=\"wpforms-field-label\" for=\"wpforms-10639-field_1\">Email <span class=\"wpforms-required-label\">*<\/span><\/label><input type=\"email\" id=\"wpforms-10639-field_1\" class=\"wpforms-field-medium wpforms-field-required\" name=\"wpforms[fields][1]\" required><\/div><div id=\"wpforms-10639-field_2-container\" class=\"wpforms-field wpforms-field-textarea\" data-field-id=\"2\"><label class=\"wpforms-field-label\" for=\"wpforms-10639-field_2\">Comment or Message <span class=\"wpforms-required-label\">*<\/span><\/label><textarea id=\"wpforms-10639-field_2\" class=\"wpforms-field-medium wpforms-field-required\" name=\"wpforms[fields][2]\" required><\/textarea><\/div><\/div><div class=\"wpforms-recaptcha-container\" ><div class=\"g-recaptcha\" data-sitekey=\"6Lf1rpMUAAAAANA5jKhgCgsYqnaUq-dd-is6gOGa\"><\/div><input type=\"text\" name=\"g-recaptcha-hidden\" class=\"wpforms-recaptcha-hidden\" style=\"position:absolute!important;clip:rect(0,0,0,0)!important;height:1px!important;width:1px!important;border:0!important;overflow:hidden!important;padding:0!important;margin:0!important;\" required><\/div><div class=\"wpforms-submit-container\" ><input type=\"hidden\" name=\"wpforms[id]\" value=\"10639\"><input type=\"hidden\" name=\"wpforms[author]\" value=\"5\"><button type=\"submit\" name=\"wpforms[submit]\" class=\"wpforms-submit \" id=\"wpforms-submit-10639\" value=\"wpforms-submit\" aria-live=\"assertive\" data-alt-text=\"Sending...\" data-submit-text=\"Submit\">Submit<\/button><\/div><\/form><\/div>  <!-- .wpforms-container -->\t\t\t\t\t\t<\/div>\n\t\t\t\t<\/div>\n\t\t\t\t\t<\/div>\n\t\t<\/div>\n\t\t\t\t<div class=\"elementor-column elementor-col-50 elementor-top-column elementor-element elementor-element-2dfc5f1\" data-id=\"2dfc5f1\" data-element_type=\"column\">\n\t\t\t<div class=\"elementor-widget-wrap elementor-element-populated\">\n\t\t\t\t\t\t\t\t<div class=\"elementor-element elementor-element-5107454 elementor-widget elementor-widget-image\" data-id=\"5107454\" data-element_type=\"widget\" data-widget_type=\"image.default\">\n\t\t\t\t<div class=\"elementor-widget-container\">\n\t\t\t\t\t\t\t\t\t\t\t\t\t\t\t\t<a href=\"https:\/\/www.google.com\/maps\/dir\/39.0955377,26.5548974\/%CE%91%CF%81%CE%AF%CF%83%CF%84%CE%B1%CF%81%CF%87%CE%BF%CF%85+1,+%CE%9C%CF%85%CF%84%CE%B9%CE%BB%CE%AE%CE%BD%CE%B7+811+00\/@39.0955324,26.5197922,13z\/data=!3m1!4b1!4m18!1m7!3m6!1s0x14ba6709db4fb24d:0x51fd123b715815dd!2zzpHPgc6vz4PPhM6xz4HPh86_z4UgMSwgzpzPhc-EzrnOu86uzr3OtyA4MTEgMDA!3b1!8m2!3d39.1049745!4d26.5601938!4m9!1m1!4e1!1m5!1m1!1s0x14ba6709db4fb24d:0x51fd123b715815dd!2m2!1d26.5601938!2d39.1049745!3e3\" target=\"_blank\">\n\t\t\t\t\t\t\t<img width=\"500\" height=\"453\" src=\"https:\/\/city-carrentals.gr\/wp-content\/uploads\/2019\/02\/map-1.jpg\" class=\"attachment-full size-full\" alt=\"\" loading=\"lazy\" srcset=\"https:\/\/city-carrentals.gr\/wp-content\/uploads\/2019\/02\/map-1.jpg 500w, https:\/\/city-carrentals.gr\/wp-content\/uploads\/2019\/02\/map-1-300x272.jpg 300w, https:\/\/city-carrentals.gr\/wp-content\/uploads\/2019\/02\/map-1-338x306.jpg 338w\" sizes=\"(max-width: 500px) 100vw, 500px\" \/>\t\t\t\t\t\t\t\t<\/a>\n\t\t\t\t\t\t\t\t\t\t\t\t\t\t\t<\/div>\n\t\t\t\t<\/div>\n\t\t\t\t\t<\/div>\n\t\t<\/div>\n\t\t\t\t\t\t\t<\/div>\n\t\t<\/section>\n\t\t\t\t<section class=\"elementor-section elementor-top-section elementor-element elementor-element-6593500 elementor-section-boxed elementor-section-height-default elementor-section-height-default\" data-id=\"6593500\" data-element_type=\"section\">\n\t\t\t\t\t\t<div class=\"elementor-container elementor-column-gap-default\">\n\t\t\t\t\t<div class=\"elementor-column elementor-col-100 elementor-top-column elementor-element elementor-element-e3fc42f\" data-id=\"e3fc42f\" data-element_type=\"column\">\n\t\t\t<div class=\"elementor-widget-wrap elementor-element-populated\">\n\t\t\t\t\t\t\t\t<div class=\"elementor-element elementor-element-bd74285 elementor-widget elementor-widget-heading\" data-id=\"bd74285\" data-element_type=\"widget\" data-widget_type=\"heading.default\">\n\t\t\t\t<div class=\"elementor-widget-container\">\n\t\t\t<h2 class=\"elementor-heading-title elementor-size-default\">City car rentals<\/h2>\t\t<\/div>\n\t\t\t\t<\/div>\n\t\t\t\t<div class=\"elementor-element elementor-element-03657df elementor-widget elementor-widget-heading\" data-id=\"03657df\" data-element_type=\"widget\" data-widget_type=\"heading.default\">\n\t\t\t\t<div class=\"elementor-widget-container\">\n\t\t\t<h2 class=\"elementor-heading-title elementor-size-medium\">Midilli ofisi<\/h2>\t\t<\/div>\n\t\t\t\t<\/div>\n\t\t\t\t\t<\/div>\n\t\t<\/div>\n\t\t\t\t\t\t\t<\/div>\n\t\t<\/section>\n\t\t\t\t<section class=\"elementor-section elementor-top-section elementor-element elementor-element-d8a8603 elementor-section-boxed elementor-section-height-default elementor-section-height-default\" data-id=\"d8a8603\" data-element_type=\"section\">\n\t\t\t\t\t\t<div class=\"elementor-container elementor-column-gap-default\">\n\t\t\t\t\t<div class=\"elementor-column elementor-col-100 elementor-top-column elementor-element elementor-element-e842425\" data-id=\"e842425\" data-element_type=\"column\">\n\t\t\t<div class=\"elementor-widget-wrap elementor-element-populated\">\n\t\t\t\t\t\t\t\t<div class=\"elementor-element elementor-element-e654e37 elementor-icon-list--layout-traditional elementor-list-item-link-full_width elementor-widget elementor-widget-icon-list\" data-id=\"e654e37\" data-element_type=\"widget\" data-widget_type=\"icon-list.default\">\n\t\t\t\t<div class=\"elementor-widget-container\">\n\t\t\t\t\t<ul class=\"elementor-icon-list-items\">\n\t\t\t\t\t\t\t<li class=\"elementor-icon-list-item\">\n\t\t\t\t\t\t\t\t\t\t\t<span class=\"elementor-icon-list-icon\">\n\t\t\t\t\t\t\t<i aria-hidden=\"true\" class=\"far fa-address-card\"><\/i>\t\t\t\t\t\t<\/span>\n\t\t\t\t\t\t\t\t\t\t<span class=\"elementor-icon-list-text\">James Aristarxou 1 (g\u00fcmr\u00fck kar\u015f\u0131s\u0131nda)<\/span>\n\t\t\t\t\t\t\t\t\t<\/li>\n\t\t\t\t\t\t\t\t<li class=\"elementor-icon-list-item\">\n\t\t\t\t\t\t\t\t\t\t\t<span class=\"elementor-icon-list-icon\">\n\t\t\t\t\t\t\t<i aria-hidden=\"true\" class=\"fas fa-phone\"><\/i>\t\t\t\t\t\t<\/span>\n\t\t\t\t\t\t\t\t\t\t<span class=\"elementor-icon-list-text\">22510-20595<\/span>\n\t\t\t\t\t\t\t\t\t<\/li>\n\t\t\t\t\t\t\t\t<li class=\"elementor-icon-list-item\">\n\t\t\t\t\t\t\t\t\t\t\t<span class=\"elementor-icon-list-icon\">\n\t\t\t\t\t\t\t<i aria-hidden=\"true\" class=\"fas fa-mobile-alt\"><\/i>\t\t\t\t\t\t<\/span>\n\t\t\t\t\t\t\t\t\t\t<span class=\"elementor-icon-list-text\">6976007339<\/span>\n\t\t\t\t\t\t\t\t\t<\/li>\n\t\t\t\t\t\t\t\t<li class=\"elementor-icon-list-item\">\n\t\t\t\t\t\t\t\t\t\t\t<span class=\"elementor-icon-list-icon\">\n\t\t\t\t\t\t\t<i aria-hidden=\"true\" class=\"far fa-envelope\"><\/i>\t\t\t\t\t\t<\/span>\n\t\t\t\t\t\t\t\t\t\t<span class=\"elementor-icon-list-text\">info@city-carrentals.gr <\/span>\n\t\t\t\t\t\t\t\t\t<\/li>\n\t\t\t\t\t\t<\/ul>\n\t\t\t\t<\/div>\n\t\t\t\t<\/div>\n\t\t\t\t\t<\/div>\n\t\t<\/div>\n\t\t\t\t\t\t\t<\/div>\n\t\t<\/section>\n\t\t\t\t\t\t\t<\/div>\n\t\t","protected":false},"excerpt":{"rendered":"<p>Bizimle ileti\u015fime ge\u00e7in Herhangi bir sorunuz mu var veya ek bilgiye mi ihtiyac\u0131n\u0131z var? Map Yol tarifi al Bu formu bitirebilmek i\u00e7in taray\u0131c\u0131n\u0131zda JavaScript&#039;i etkinle\u015ftirin.Name *AdSoyadPhoneEmail *Comment or Message *Submit City car rentals Midilli ofisi James Aristarxou 1 (g\u00fcmr\u00fck kar\u015f\u0131s\u0131nda) 22510-20595 6976007339 info@city-carrentals.gr<\/p>\n","protected":false},"author":5,"featured_media":0,"parent":0,"menu_order":0,"comment_status":"closed","ping_status":"closed","template":"template-full-width.php","meta":[],"yoast_head":"<!-- This site is optimized with the Yoast SEO plugin v19.6.1 - https:\/\/yoast.com\/wordpress\/plugins\/seo\/ -->\n<title>\u0130leti\u015fim - City Car Rentals<\/title>\n<meta name=\"robots\" content=\"index, follow, max-snippet:-1, max-image-preview:large, max-video-preview:-1\" \/>\n<link rel=\"canonical\" href=\"https:\/\/city-carrentals.gr\/tr\/iletisim\/\" \/>\n<meta property=\"og:locale\" content=\"tr_TR\" \/>\n<meta property=\"og:type\" content=\"article\" \/>\n<meta property=\"og:title\" content=\"\u0130leti\u015fim - City Car Rentals\" \/>\n<meta property=\"og:description\" content=\"Bizimle ileti\u015fime ge\u00e7in Herhangi bir sorunuz mu var veya ek bilgiye mi ihtiyac\u0131n\u0131z var? Map Yol tarifi al Bu formu bitirebilmek i\u00e7in taray\u0131c\u0131n\u0131zda JavaScript&#039;i etkinle\u015ftirin.Name *AdSoyadPhoneEmail *Comment or Message *Submit City car rentals Midilli ofisi James Aristarxou 1 (g\u00fcmr\u00fck kar\u015f\u0131s\u0131nda) 22510-20595 6976007339 info@city-carrentals.gr\" \/>\n<meta property=\"og:url\" content=\"https:\/\/city-carrentals.gr\/tr\/iletisim\/\" \/>\n<meta property=\"og:site_name\" content=\"City Car Rentals\" \/>\n<meta property=\"article:modified_time\" content=\"2021-05-03T12:11:09+00:00\" \/>\n<meta property=\"og:image\" content=\"https:\/\/city-carrentals.gr\/wp-content\/uploads\/2019\/02\/map-1.jpg\" \/>\n<meta name=\"twitter:card\" content=\"summary_large_image\" \/>\n<script type=\"application\/ld+json\" class=\"yoast-schema-graph\">{\"@context\":\"https:\/\/schema.org\",\"@graph\":[{\"@type\":\"WebPage\",\"@id\":\"https:\/\/city-carrentals.gr\/tr\/iletisim\/\",\"url\":\"https:\/\/city-carrentals.gr\/tr\/iletisim\/\",\"name\":\"\u0130leti\u015fim - City Car Rentals\",\"isPartOf\":{\"@id\":\"https:\/\/city-carrentals.gr\/#website\"},\"datePublished\":\"2021-05-03T12:05:38+00:00\",\"dateModified\":\"2021-05-03T12:11:09+00:00\",\"breadcrumb\":{\"@id\":\"https:\/\/city-carrentals.gr\/tr\/iletisim\/#breadcrumb\"},\"inLanguage\":\"tr\",\"potentialAction\":[{\"@type\":\"ReadAction\",\"target\":[\"https:\/\/city-carrentals.gr\/tr\/iletisim\/\"]}]},{\"@type\":\"BreadcrumbList\",\"@id\":\"https:\/\/city-carrentals.gr\/tr\/iletisim\/#breadcrumb\",\"itemListElement\":[{\"@type\":\"ListItem\",\"position\":1,\"name\":\"Home\",\"item\":\"https:\/\/city-carrentals.gr\/tr\/\"},{\"@type\":\"ListItem\",\"position\":2,\"name\":\"\u0130leti\u015fim\"}]},{\"@type\":\"WebSite\",\"@id\":\"https:\/\/city-carrentals.gr\/#website\",\"url\":\"https:\/\/city-carrentals.gr\/\",\"name\":\"City Car Rentals\",\"description\":\"Lesvos City carrentals\",\"potentialAction\":[{\"@type\":\"SearchAction\",\"target\":{\"@type\":\"EntryPoint\",\"urlTemplate\":\"https:\/\/city-carrentals.gr\/?s={search_term_string}\"},\"query-input\":\"required name=search_term_string\"}],\"inLanguage\":\"tr\"}]}<\/script>\n<!-- \/ Yoast SEO plugin. -->","yoast_head_json":{"title":"\u0130leti\u015fim - City Car Rentals","robots":{"index":"index","follow":"follow","max-snippet":"max-snippet:-1","max-image-preview":"max-image-preview:large","max-video-preview":"max-video-preview:-1"},"canonical":"https:\/\/city-carrentals.gr\/tr\/iletisim\/","og_locale":"tr_TR","og_type":"article","og_title":"\u0130leti\u015fim - City Car Rentals","og_description":"Bizimle ileti\u015fime ge\u00e7in Herhangi bir sorunuz mu var veya ek bilgiye mi ihtiyac\u0131n\u0131z var? Map Yol tarifi al Bu formu bitirebilmek i\u00e7in taray\u0131c\u0131n\u0131zda JavaScript&#039;i etkinle\u015ftirin.Name *AdSoyadPhoneEmail *Comment or Message *Submit City car rentals Midilli ofisi James Aristarxou 1 (g\u00fcmr\u00fck kar\u015f\u0131s\u0131nda) 22510-20595 6976007339 info@city-carrentals.gr","og_url":"https:\/\/city-carrentals.gr\/tr\/iletisim\/","og_site_name":"City Car Rentals","article_modified_time":"2021-05-03T12:11:09+00:00","og_image":[{"url":"https:\/\/city-carrentals.gr\/wp-content\/uploads\/2019\/02\/map-1.jpg"}],"twitter_card":"summary_large_image","schema":{"@context":"https:\/\/schema.org","@graph":[{"@type":"WebPage","@id":"https:\/\/city-carrentals.gr\/tr\/iletisim\/","url":"https:\/\/city-carrentals.gr\/tr\/iletisim\/","name":"\u0130leti\u015fim - City Car Rentals","isPartOf":{"@id":"https:\/\/city-carrentals.gr\/#website"},"datePublished":"2021-05-03T12:05:38+00:00","dateModified":"2021-05-03T12:11:09+00:00","breadcrumb":{"@id":"https:\/\/city-carrentals.gr\/tr\/iletisim\/#breadcrumb"},"inLanguage":"tr","potentialAction":[{"@type":"ReadAction","target":["https:\/\/city-carrentals.gr\/tr\/iletisim\/"]}]},{"@type":"BreadcrumbList","@id":"https:\/\/city-carrentals.gr\/tr\/iletisim\/#breadcrumb","itemListElement":[{"@type":"ListItem","position":1,"name":"Home","item":"https:\/\/city-carrentals.gr\/tr\/"},{"@type":"ListItem","position":2,"name":"\u0130leti\u015fim"}]},{"@type":"WebSite","@id":"https:\/\/city-carrentals.gr\/#website","url":"https:\/\/city-carrentals.gr\/","name":"City Car Rentals","description":"Lesvos City carrentals","potentialAction":[{"@type":"SearchAction","target":{"@type":"EntryPoint","urlTemplate":"https:\/\/city-carrentals.gr\/?s={search_term_string}"},"query-input":"required name=search_term_string"}],"inLanguage":"tr"}]}},"_links":{"self":[{"href":"https:\/\/city-carrentals.gr\/tr\/wp-json\/wp\/v2\/pages\/10673"}],"collection":[{"href":"https:\/\/city-carrentals.gr\/tr\/wp-json\/wp\/v2\/pages"}],"about":[{"href":"https:\/\/city-carrentals.gr\/tr\/wp-json\/wp\/v2\/types\/page"}],"author":[{"embeddable":true,"href":"https:\/\/city-carrentals.gr\/tr\/wp-json\/wp\/v2\/users\/5"}],"replies":[{"embeddable":true,"href":"https:\/\/city-carrentals.gr\/tr\/wp-json\/wp\/v2\/comments?post=10673"}],"version-history":[{"count":0,"href":"https:\/\/city-carrentals.gr\/tr\/wp-json\/wp\/v2\/pages\/10673\/revisions"}],"wp:attachment":[{"href":"https:\/\/city-carrentals.gr\/tr\/wp-json\/wp\/v2\/media?parent=10673"}],"curies":[{"name":"wp","href":"https:\/\/api.w.org\/{rel}","templated":true}]}}