{"id":1065,"date":"2015-05-13T05:36:26","date_gmt":"2015-05-13T05:36:26","guid":{"rendered":"https:\/\/city.local\/quality\/"},"modified":"2019-03-14T08:14:34","modified_gmt":"2019-03-14T08:14:34","slug":"about","status":"publish","type":"page","link":"https:\/\/city-carrentals.gr\/tr\/about\/","title":{"rendered":"About"},"content":{"rendered":"<section  id=\"section-69f333640ae77\" class=\"fw-main-row   auto \"  style=\"  \"  >\n    <div >\n        <div class=\"fw-container sections\">\n            <div class=\"fw-row\">\n\t\n\n<div id=\"column-69f333640b0db\" class=\" fw-col-sm-6       wow fadeInUp animated\" data-wow-offset=\"120\" data-wow-duration=\"1.5s\" style=\"  \">\n        <div class=\"fw-main-row\">\n        <div class=\"fw-col-inner\" >\n            \n<div class=\"fw-heading fw-heading-h2    wow fadeIn animated\" data-wow-offset=\"120\" data-wow-duration=\"1.5s\" style=\" color:\">\n\t    <div class=\"fw-special-title-half\"><h2 class='fw-special-title'>City Car Rentals Hakk\u0131nda<\/h2><\/div>\n\n\t\n\t\n\n<\/div><p>City Car Rentals, s\u00fcrekli olarak yeni ara\u00e7lar\u0131n eklenmesiyle dinamik \u015fekilde b\u00fcy\u00fcyen bir \u015firkettir. Misyonumuz, m\u00fc\u015fterilerimize, m\u00fckemmel durumda ve d\u00fc\u015f\u00fck maliyetle \u00e7ok \u00e7e\u015fitli ara\u00e7lar sunabilmektir. M\u00fc\u015fteri memnuniyeti bizler i\u00e7in en b\u00fcy\u00fck \u00f6nceliktir. S\u00fcrekli memnuniyet ve <\/p>\n\n\n\t<a href=\"#formnav\" target=\"_self\"  class=\"btn btn-gray\" title=\"Bug\u00fcn rezervasyon yap\">\n\t\t<i class=\" fa fa-paper-plane\"><\/i> Bug\u00fcn rezervasyon yap\t<\/a>\n\t        <\/div>\n    <\/div>\n\n\n<\/div>\n\n<div id=\"column-69f333640b396\" class=\" fw-col-sm-6       wow fadeInUp animated\" data-wow-offset=\"120\" data-wow-duration=\"1.5s\" style=\"  \">\n        <div class=\"fw-main-row\">\n        <div class=\"fw-col-inner\" >\n            <div class=\"fw-single-image \" >\n\t\t    <img src=\"\/\/city-carrentals.gr\/wp-content\/uploads\/2019\/02\/city-car-rentals-1.jpg\" class=\"img-responsive\" alt=\"\"  \/>\n\t<\/div>        <\/div>\n    <\/div>\n\n\n<\/div><\/div>\n\n        <\/div>\n    <\/div>\n<\/section>\n\n","protected":false},"excerpt":{"rendered":"<p>City Car Rentals Hakk\u0131nda City Car Rentals, s\u00fcrekli olarak yeni ara\u00e7lar\u0131n eklenmesiyle dinamik \u015fekilde b\u00fcy\u00fcyen bir \u015firkettir. Misyonumuz, m\u00fc\u015fterilerimize, m\u00fckemmel durumda ve d\u00fc\u015f\u00fck maliyetle \u00e7ok \u00e7e\u015fitli ara\u00e7lar sunabilmektir. M\u00fc\u015fteri memnuniyeti bizler i\u00e7in en b\u00fcy\u00fck \u00f6nceliktir. S\u00fcrekli memnuniyet ve Bug\u00fcn rezervasyon yap<\/p>\n","protected":false},"author":5,"featured_media":0,"parent":0,"menu_order":0,"comment_status":"closed","ping_status":"closed","template":"","meta":[],"yoast_head":"<!-- This site is optimized with the Yoast SEO plugin v19.6.1 - https:\/\/yoast.com\/wordpress\/plugins\/seo\/ -->\n<title>About - City Car Rentals<\/title>\n<meta name=\"robots\" content=\"index, follow, max-snippet:-1, max-image-preview:large, max-video-preview:-1\" \/>\n<link rel=\"canonical\" href=\"https:\/\/city-carrentals.gr\/tr\/about\/\" \/>\n<meta property=\"og:locale\" content=\"tr_TR\" \/>\n<meta property=\"og:type\" content=\"article\" \/>\n<meta property=\"og:title\" content=\"About - City Car Rentals\" \/>\n<meta property=\"og:description\" content=\"City Car Rentals Hakk\u0131nda City Car Rentals, s\u00fcrekli olarak yeni ara\u00e7lar\u0131n eklenmesiyle dinamik \u015fekilde b\u00fcy\u00fcyen bir \u015firkettir. Misyonumuz, m\u00fc\u015fterilerimize, m\u00fckemmel durumda ve d\u00fc\u015f\u00fck maliyetle \u00e7ok \u00e7e\u015fitli ara\u00e7lar sunabilmektir. M\u00fc\u015fteri memnuniyeti bizler i\u00e7in en b\u00fcy\u00fck \u00f6nceliktir. S\u00fcrekli memnuniyet ve Bug\u00fcn rezervasyon yap\" \/>\n<meta property=\"og:url\" content=\"https:\/\/city-carrentals.gr\/tr\/about\/\" \/>\n<meta property=\"og:site_name\" content=\"City Car Rentals\" \/>\n<meta property=\"article:modified_time\" content=\"2019-03-14T08:14:34+00:00\" \/>\n<meta name=\"twitter:card\" content=\"summary_large_image\" \/>\n<script type=\"application\/ld+json\" class=\"yoast-schema-graph\">{\"@context\":\"https:\/\/schema.org\",\"@graph\":[{\"@type\":\"WebPage\",\"@id\":\"https:\/\/city-carrentals.gr\/tr\/about\/\",\"url\":\"https:\/\/city-carrentals.gr\/tr\/about\/\",\"name\":\"About - City Car Rentals\",\"isPartOf\":{\"@id\":\"https:\/\/city-carrentals.gr\/#website\"},\"datePublished\":\"2015-05-13T05:36:26+00:00\",\"dateModified\":\"2019-03-14T08:14:34+00:00\",\"breadcrumb\":{\"@id\":\"https:\/\/city-carrentals.gr\/tr\/about\/#breadcrumb\"},\"inLanguage\":\"tr\",\"potentialAction\":[{\"@type\":\"ReadAction\",\"target\":[\"https:\/\/city-carrentals.gr\/tr\/about\/\"]}]},{\"@type\":\"BreadcrumbList\",\"@id\":\"https:\/\/city-carrentals.gr\/tr\/about\/#breadcrumb\",\"itemListElement\":[{\"@type\":\"ListItem\",\"position\":1,\"name\":\"Home\",\"item\":\"https:\/\/city-carrentals.gr\/tr\/\"},{\"@type\":\"ListItem\",\"position\":2,\"name\":\"About\"}]},{\"@type\":\"WebSite\",\"@id\":\"https:\/\/city-carrentals.gr\/#website\",\"url\":\"https:\/\/city-carrentals.gr\/\",\"name\":\"City Car Rentals\",\"description\":\"Lesvos City carrentals\",\"potentialAction\":[{\"@type\":\"SearchAction\",\"target\":{\"@type\":\"EntryPoint\",\"urlTemplate\":\"https:\/\/city-carrentals.gr\/?s={search_term_string}\"},\"query-input\":\"required name=search_term_string\"}],\"inLanguage\":\"tr\"}]}<\/script>\n<!-- \/ Yoast SEO plugin. -->","yoast_head_json":{"title":"About - City Car Rentals","robots":{"index":"index","follow":"follow","max-snippet":"max-snippet:-1","max-image-preview":"max-image-preview:large","max-video-preview":"max-video-preview:-1"},"canonical":"https:\/\/city-carrentals.gr\/tr\/about\/","og_locale":"tr_TR","og_type":"article","og_title":"About - City Car Rentals","og_description":"City Car Rentals Hakk\u0131nda City Car Rentals, s\u00fcrekli olarak yeni ara\u00e7lar\u0131n eklenmesiyle dinamik \u015fekilde b\u00fcy\u00fcyen bir \u015firkettir. Misyonumuz, m\u00fc\u015fterilerimize, m\u00fckemmel durumda ve d\u00fc\u015f\u00fck maliyetle \u00e7ok \u00e7e\u015fitli ara\u00e7lar sunabilmektir. M\u00fc\u015fteri memnuniyeti bizler i\u00e7in en b\u00fcy\u00fck \u00f6nceliktir. S\u00fcrekli memnuniyet ve Bug\u00fcn rezervasyon yap","og_url":"https:\/\/city-carrentals.gr\/tr\/about\/","og_site_name":"City Car Rentals","article_modified_time":"2019-03-14T08:14:34+00:00","twitter_card":"summary_large_image","schema":{"@context":"https:\/\/schema.org","@graph":[{"@type":"WebPage","@id":"https:\/\/city-carrentals.gr\/tr\/about\/","url":"https:\/\/city-carrentals.gr\/tr\/about\/","name":"About - City Car Rentals","isPartOf":{"@id":"https:\/\/city-carrentals.gr\/#website"},"datePublished":"2015-05-13T05:36:26+00:00","dateModified":"2019-03-14T08:14:34+00:00","breadcrumb":{"@id":"https:\/\/city-carrentals.gr\/tr\/about\/#breadcrumb"},"inLanguage":"tr","potentialAction":[{"@type":"ReadAction","target":["https:\/\/city-carrentals.gr\/tr\/about\/"]}]},{"@type":"BreadcrumbList","@id":"https:\/\/city-carrentals.gr\/tr\/about\/#breadcrumb","itemListElement":[{"@type":"ListItem","position":1,"name":"Home","item":"https:\/\/city-carrentals.gr\/tr\/"},{"@type":"ListItem","position":2,"name":"About"}]},{"@type":"WebSite","@id":"https:\/\/city-carrentals.gr\/#website","url":"https:\/\/city-carrentals.gr\/","name":"City Car Rentals","description":"Lesvos City carrentals","potentialAction":[{"@type":"SearchAction","target":{"@type":"EntryPoint","urlTemplate":"https:\/\/city-carrentals.gr\/?s={search_term_string}"},"query-input":"required name=search_term_string"}],"inLanguage":"tr"}]}},"_links":{"self":[{"href":"https:\/\/city-carrentals.gr\/tr\/wp-json\/wp\/v2\/pages\/1065"}],"collection":[{"href":"https:\/\/city-carrentals.gr\/tr\/wp-json\/wp\/v2\/pages"}],"about":[{"href":"https:\/\/city-carrentals.gr\/tr\/wp-json\/wp\/v2\/types\/page"}],"author":[{"embeddable":true,"href":"https:\/\/city-carrentals.gr\/tr\/wp-json\/wp\/v2\/users\/5"}],"replies":[{"embeddable":true,"href":"https:\/\/city-carrentals.gr\/tr\/wp-json\/wp\/v2\/comments?post=1065"}],"version-history":[{"count":0,"href":"https:\/\/city-carrentals.gr\/tr\/wp-json\/wp\/v2\/pages\/1065\/revisions"}],"wp:attachment":[{"href":"https:\/\/city-carrentals.gr\/tr\/wp-json\/wp\/v2\/media?parent=1065"}],"curies":[{"name":"wp","href":"https:\/\/api.w.org\/{rel}","templated":true}]}}