{"id":1051,"date":"2015-05-13T06:04:55","date_gmt":"2015-05-13T06:04:55","guid":{"rendered":"https:\/\/city.local\/extras\/"},"modified":"2019-03-14T08:23:08","modified_gmt":"2019-03-14T08:23:08","slug":"extras","status":"publish","type":"page","link":"https:\/\/city-carrentals.gr\/tr\/extras\/","title":{"rendered":"Extras &#038; Add-Ons"},"content":{"rendered":"<section  id=\"section-69f1842fa4337\" class=\"fw-main-row   auto \"  style=\"background-color:#f9f9f9;  \"  >\n    <div >\n        <div class=\"fw-container sections\">\n            <div class=\"fw-row\">\n\t\n\n<div id=\"column-69f1842fa4571\" class=\" fw-col-sm-12       wow fadeInUp animated\" data-wow-offset=\"120\" data-wow-duration=\"1.5s\" style=\"  \">\n        <div class=\"fw-main-row\">\n        <div class=\"fw-col-inner\" >\n            \n<div class=\"fw-heading fw-heading-h2 fw-heading-center   wow fadeIn animated\" data-wow-offset=\"120\" data-wow-duration=\"1.5s\" style=\" color:\">\n\t    <div class=\"\"><h2 class='fw-special-title'>Ara\u00e7 Kiralama Se\u00e7enekleri<\/h2><\/div>\n\n\t\n\t\t\t<span class=\"underline\">&nbsp;<\/span>\n\t\n\n<\/div>        <\/div>\n    <\/div>\n\n\n<\/div><\/div>\n\n<div class=\"fw-row\">\n\t\n\n<div id=\"column-69f1842fa4750\" class=\" fw-col-sm-6       wow fadeInUp animated\" data-wow-offset=\"120\" data-wow-duration=\"1.5s\" style=\"  \">\n        <div class=\"fw-main-row\">\n        <div class=\"fw-col-inner\" >\n            \n<div class=\"service-box wow fadeInLeft\" data-wow-offset=\"100\">\n\t<div class=\"service-icon\"><i class=\"fa fa-child\"><\/i><\/div>\n\t<h3 class=\"service-title\">Bebek dostu ara\u00e7lar<\/h3>\n\t<div class=\"clearfix\"><\/div>\n\t<p class=\"service-content\">\u00c7ocuklu bir ailenin her yolculukta karma\u015f\u0131k ihtiya\u00e7lar\u0131na kar\u015f\u0131l\u0131k veren City Car Rentals, sizlere tercihiniz do\u011frultusunda, \u00e7ocu\u011funuzun ya\u015f\u0131na uygun ISOFIX \u00e7ocuk koltu\u011fu ile donat\u0131lm\u0131\u015f ara\u00e7 kiralama imk\u00e2n\u0131n\u0131 sunmaktad\u0131r. <\/p>\n<\/div>\n\n        <\/div>\n    <\/div>\n\n\n<\/div>\n\n<div id=\"column-69f1842fa484e\" class=\" fw-col-sm-6       wow fadeInUp animated\" data-wow-offset=\"120\" data-wow-duration=\"1.5s\" style=\"  \">\n        <div class=\"fw-main-row\">\n        <div class=\"fw-col-inner\" >\n            \n<div class=\"service-box wow fadeInLeft\" data-wow-offset=\"100\">\n\t<div class=\"service-icon\"><i class=\"fa fa-check-square-o\"><\/i><\/div>\n\t<h3 class=\"service-title\">Se\u00e7enekler<\/h3>\n\t<div class=\"clearfix\"><\/div>\n\t<p class=\"service-content\">City Car Rentals ile her ara\u00e7 kiralad\u0131\u011f\u0131n\u0131zda, yolculu\u011funuzun her an\u0131n\u0131n tad\u0131n\u0131 \u00e7\u0131karmakta \u00f6zg\u00fcr olman\u0131z\u0131 istiyoruz. Bu y\u00fczden sizlere sigorta poli\u00e7enizi y\u00fckseltme se\u00e7ene\u011fi sunuyoruz.\n<\/p>\n<\/div>\n\n        <\/div>\n    <\/div>\n\n\n<\/div><\/div>\n\n        <\/div>\n    <\/div>\n<\/section>\n\n","protected":false},"excerpt":{"rendered":"<p>Ara\u00e7 Kiralama Se\u00e7enekleri &nbsp; Bebek dostu ara\u00e7lar \u00c7ocuklu bir ailenin her yolculukta karma\u015f\u0131k ihtiya\u00e7lar\u0131na kar\u015f\u0131l\u0131k veren City Car Rentals, sizlere tercihiniz do\u011frultusunda, \u00e7ocu\u011funuzun ya\u015f\u0131na uygun ISOFIX \u00e7ocuk koltu\u011fu ile donat\u0131lm\u0131\u015f ara\u00e7 kiralama imk\u00e2n\u0131n\u0131 sunmaktad\u0131r. Se\u00e7enekler City Car Rentals ile her ara\u00e7 kiralad\u0131\u011f\u0131n\u0131zda, yolculu\u011funuzun her an\u0131n\u0131n tad\u0131n\u0131 \u00e7\u0131karmakta \u00f6zg\u00fcr olman\u0131z\u0131 istiyoruz. Bu y\u00fczden sizlere sigorta poli\u00e7enizi [&hellip;]<\/p>\n","protected":false},"author":5,"featured_media":0,"parent":0,"menu_order":0,"comment_status":"closed","ping_status":"closed","template":"","meta":[],"yoast_head":"<!-- This site is optimized with the Yoast SEO plugin v19.6.1 - https:\/\/yoast.com\/wordpress\/plugins\/seo\/ -->\n<title>Extras &amp; Add-Ons - City Car Rentals<\/title>\n<meta name=\"robots\" content=\"index, follow, max-snippet:-1, max-image-preview:large, max-video-preview:-1\" \/>\n<link rel=\"canonical\" href=\"https:\/\/city-carrentals.gr\/tr\/extras\/\" \/>\n<meta property=\"og:locale\" content=\"tr_TR\" \/>\n<meta property=\"og:type\" content=\"article\" \/>\n<meta property=\"og:title\" content=\"Extras &amp; Add-Ons - City Car Rentals\" \/>\n<meta property=\"og:description\" content=\"Ara\u00e7 Kiralama Se\u00e7enekleri &nbsp; Bebek dostu ara\u00e7lar \u00c7ocuklu bir ailenin her yolculukta karma\u015f\u0131k ihtiya\u00e7lar\u0131na kar\u015f\u0131l\u0131k veren City Car Rentals, sizlere tercihiniz do\u011frultusunda, \u00e7ocu\u011funuzun ya\u015f\u0131na uygun ISOFIX \u00e7ocuk koltu\u011fu ile donat\u0131lm\u0131\u015f ara\u00e7 kiralama imk\u00e2n\u0131n\u0131 sunmaktad\u0131r. Se\u00e7enekler City Car Rentals ile her ara\u00e7 kiralad\u0131\u011f\u0131n\u0131zda, yolculu\u011funuzun her an\u0131n\u0131n tad\u0131n\u0131 \u00e7\u0131karmakta \u00f6zg\u00fcr olman\u0131z\u0131 istiyoruz. Bu y\u00fczden sizlere sigorta poli\u00e7enizi [&hellip;]\" \/>\n<meta property=\"og:url\" content=\"https:\/\/city-carrentals.gr\/tr\/extras\/\" \/>\n<meta property=\"og:site_name\" content=\"City Car Rentals\" \/>\n<meta property=\"article:modified_time\" content=\"2019-03-14T08:23:08+00:00\" \/>\n<meta name=\"twitter:card\" content=\"summary_large_image\" \/>\n<script type=\"application\/ld+json\" class=\"yoast-schema-graph\">{\"@context\":\"https:\/\/schema.org\",\"@graph\":[{\"@type\":\"WebPage\",\"@id\":\"https:\/\/city-carrentals.gr\/tr\/extras\/\",\"url\":\"https:\/\/city-carrentals.gr\/tr\/extras\/\",\"name\":\"Extras & Add-Ons - City Car Rentals\",\"isPartOf\":{\"@id\":\"https:\/\/city-carrentals.gr\/#website\"},\"datePublished\":\"2015-05-13T06:04:55+00:00\",\"dateModified\":\"2019-03-14T08:23:08+00:00\",\"breadcrumb\":{\"@id\":\"https:\/\/city-carrentals.gr\/tr\/extras\/#breadcrumb\"},\"inLanguage\":\"tr\",\"potentialAction\":[{\"@type\":\"ReadAction\",\"target\":[\"https:\/\/city-carrentals.gr\/tr\/extras\/\"]}]},{\"@type\":\"BreadcrumbList\",\"@id\":\"https:\/\/city-carrentals.gr\/tr\/extras\/#breadcrumb\",\"itemListElement\":[{\"@type\":\"ListItem\",\"position\":1,\"name\":\"Home\",\"item\":\"https:\/\/city-carrentals.gr\/tr\/\"},{\"@type\":\"ListItem\",\"position\":2,\"name\":\"Extras &#038; Add-Ons\"}]},{\"@type\":\"WebSite\",\"@id\":\"https:\/\/city-carrentals.gr\/#website\",\"url\":\"https:\/\/city-carrentals.gr\/\",\"name\":\"City Car Rentals\",\"description\":\"Lesvos City carrentals\",\"potentialAction\":[{\"@type\":\"SearchAction\",\"target\":{\"@type\":\"EntryPoint\",\"urlTemplate\":\"https:\/\/city-carrentals.gr\/?s={search_term_string}\"},\"query-input\":\"required name=search_term_string\"}],\"inLanguage\":\"tr\"}]}<\/script>\n<!-- \/ Yoast SEO plugin. -->","yoast_head_json":{"title":"Extras & Add-Ons - City Car Rentals","robots":{"index":"index","follow":"follow","max-snippet":"max-snippet:-1","max-image-preview":"max-image-preview:large","max-video-preview":"max-video-preview:-1"},"canonical":"https:\/\/city-carrentals.gr\/tr\/extras\/","og_locale":"tr_TR","og_type":"article","og_title":"Extras & Add-Ons - City Car Rentals","og_description":"Ara\u00e7 Kiralama Se\u00e7enekleri &nbsp; Bebek dostu ara\u00e7lar \u00c7ocuklu bir ailenin her yolculukta karma\u015f\u0131k ihtiya\u00e7lar\u0131na kar\u015f\u0131l\u0131k veren City Car Rentals, sizlere tercihiniz do\u011frultusunda, \u00e7ocu\u011funuzun ya\u015f\u0131na uygun ISOFIX \u00e7ocuk koltu\u011fu ile donat\u0131lm\u0131\u015f ara\u00e7 kiralama imk\u00e2n\u0131n\u0131 sunmaktad\u0131r. Se\u00e7enekler City Car Rentals ile her ara\u00e7 kiralad\u0131\u011f\u0131n\u0131zda, yolculu\u011funuzun her an\u0131n\u0131n tad\u0131n\u0131 \u00e7\u0131karmakta \u00f6zg\u00fcr olman\u0131z\u0131 istiyoruz. Bu y\u00fczden sizlere sigorta poli\u00e7enizi [&hellip;]","og_url":"https:\/\/city-carrentals.gr\/tr\/extras\/","og_site_name":"City Car Rentals","article_modified_time":"2019-03-14T08:23:08+00:00","twitter_card":"summary_large_image","schema":{"@context":"https:\/\/schema.org","@graph":[{"@type":"WebPage","@id":"https:\/\/city-carrentals.gr\/tr\/extras\/","url":"https:\/\/city-carrentals.gr\/tr\/extras\/","name":"Extras & Add-Ons - City Car Rentals","isPartOf":{"@id":"https:\/\/city-carrentals.gr\/#website"},"datePublished":"2015-05-13T06:04:55+00:00","dateModified":"2019-03-14T08:23:08+00:00","breadcrumb":{"@id":"https:\/\/city-carrentals.gr\/tr\/extras\/#breadcrumb"},"inLanguage":"tr","potentialAction":[{"@type":"ReadAction","target":["https:\/\/city-carrentals.gr\/tr\/extras\/"]}]},{"@type":"BreadcrumbList","@id":"https:\/\/city-carrentals.gr\/tr\/extras\/#breadcrumb","itemListElement":[{"@type":"ListItem","position":1,"name":"Home","item":"https:\/\/city-carrentals.gr\/tr\/"},{"@type":"ListItem","position":2,"name":"Extras &#038; Add-Ons"}]},{"@type":"WebSite","@id":"https:\/\/city-carrentals.gr\/#website","url":"https:\/\/city-carrentals.gr\/","name":"City Car Rentals","description":"Lesvos City carrentals","potentialAction":[{"@type":"SearchAction","target":{"@type":"EntryPoint","urlTemplate":"https:\/\/city-carrentals.gr\/?s={search_term_string}"},"query-input":"required name=search_term_string"}],"inLanguage":"tr"}]}},"_links":{"self":[{"href":"https:\/\/city-carrentals.gr\/tr\/wp-json\/wp\/v2\/pages\/1051"}],"collection":[{"href":"https:\/\/city-carrentals.gr\/tr\/wp-json\/wp\/v2\/pages"}],"about":[{"href":"https:\/\/city-carrentals.gr\/tr\/wp-json\/wp\/v2\/types\/page"}],"author":[{"embeddable":true,"href":"https:\/\/city-carrentals.gr\/tr\/wp-json\/wp\/v2\/users\/5"}],"replies":[{"embeddable":true,"href":"https:\/\/city-carrentals.gr\/tr\/wp-json\/wp\/v2\/comments?post=1051"}],"version-history":[{"count":0,"href":"https:\/\/city-carrentals.gr\/tr\/wp-json\/wp\/v2\/pages\/1051\/revisions"}],"wp:attachment":[{"href":"https:\/\/city-carrentals.gr\/tr\/wp-json\/wp\/v2\/media?parent=1051"}],"curies":[{"name":"wp","href":"https:\/\/api.w.org\/{rel}","templated":true}]}}